{"id":13,"date":"2015-12-02T11:13:10","date_gmt":"2015-12-02T10:13:10","guid":{"rendered":"http:\/\/192.168.7.102\/mecenas\/?page_id=13"},"modified":"2016-01-20T20:11:58","modified_gmt":"2016-01-20T19:11:58","slug":"publikacje","status":"publish","type":"page","link":"https:\/\/www.koperkancelaria.pl\/en\/publikacje\/","title":{"rendered":"Publications"},"content":{"rendered":"<h3>Arkadiusz Koper<\/h3>\n<ol>\n<li><a href=\"http:\/\/www4.rp.pl\/artykul\/1086041-Koper--Statystyka-wszystko-wyjasni---.html\">Statistics will explain everything (Statystyka wszystko wyja\u015bni \u2026)<\/a> <span class=\"no-break\"> &nbsp;\u2013&nbsp;Rzeczpospolita 12.02.2014<\/span><\/li>\n<li><a href=\"http:\/\/www4.rp.pl\/artykul\/1094874-Sadownictwo-dyscyplinarne-to-mit.html\">Disciplinary MYTH (Dyscyplinarny MIT) <\/a> <span class=\"no-break\"> &nbsp;\u2013&nbsp;Rzeczpospolita 19.03.2014<\/span><\/li>\n<li><a href=\"http:\/\/www4.rp.pl\/artykul\/1100256-Arkadiusz-Koper--Wystarczylo-tak-niewiele--by-tak-wiele-zaoszczedzic.html\">So little would be enough to save so much (Wystarczy\u0142o tak niewiele, by tak wiele zaoszcz\u0119dzi\u0107) <\/a> <span class=\"no-break\">&nbsp;\u2013&nbsp;Rzeczpospolita 09.04.2014<\/span><\/li>\n<li><a href=\"http:\/\/www4.rp.pl\/artykul\/1104032-Wymiar-sprawiedliwosci--osobowosci-pilnie-potrzebne.html\">Personalities urgently needed (Osobowo\u015bci pilnie potrzebne)<\/a> <span class=\"no-break\">&nbsp;\u2013&nbsp;Rzeczpospolita 23.04.2014<\/span><\/li>\n<li><a href=\"http:\/\/www4.rp.pl\/artykul\/1109350-Konkurencja-wsrod-prawnikow-a-niewidzialna-reka-rynku.html\">Adam Smith on the legal market (Adam Smith na prawniczym rynku)<\/a> <span class=\"no-break\">&nbsp;\u2013&nbsp;Rzeczpospolita 14.05.2014<\/span><\/li>\n<li><a href=\"http:\/\/www4.rp.pl\/artykul\/1114870-Moralna-busola--w-zawodzie-rady-i-adwokata-zawsze-potrzebna---pisze-Arkadiusz-Koper.html\">Moral compass is always needed (Moralna busola zawsze potrzeba)<\/a> <span class=\"no-break\">&nbsp;\u2013&nbsp;Rzeczpospolita 04.06.2014<\/span><\/li>\n<li><a href=\"http:\/\/www4.rp.pl\/artykul\/1120392-Koper--Pro-bono---bezplatna-pomoc-prawna-dla-ubogich.html\">Pro bono is also for enterprises (Pro bono tak\u017ce dla przedsi\u0119biorc\u00f3w)<\/a> <span class=\"no-break\">&nbsp;\u2013&nbsp;Rzeczpospolita 25.06.2014<\/span><\/li>\n<li><a href=\"http:\/\/www4.rp.pl\/artykul\/1141537-To-dwie-rozne-srednie---Arkadiusz-Koper-o-wynagrodzeniach-radcow-prawnych.html\">Two completely different averages (To dwie r\u00f3\u017cne \u015brednie)<\/a> <span class=\"no-break\">&nbsp;\u2013&nbsp;Rzeczpospolita 17.09.2014<\/span><\/li>\n<li><a href=\"http:\/\/www4.rp.pl\/artykul\/1147008-Koper-o-egzaminach-na-aplikacje--ten-sport-wlasnie-na-tym-polega.html\">This is what this sport is all about (Ten sport w\u0142a\u015bnie na tym polega) <\/a> <span class=\"no-break\">&nbsp;\u2013&nbsp;Rzeczpospolita 08.10.2014<\/span><\/li>\n<li><a href=\"http:\/\/www4.rp.pl\/artykul\/1152622-Syndrom-egipskiego-niewolnika---Arkadiusz-Koper-o-zmianie-ordynacji-podatkowej.html\">Egyptian slave syndrome (Syndrom egipskiego niewolnika) <\/a> <span class=\"no-break\">&nbsp;\u2013&nbsp;Rzeczpospolita 29.10.2014<\/span><\/li>\n<li><a href=\"http:\/\/www4.rp.pl\/artykul\/1159925-Radca-prokuratorem-generalnym---Arkadiusz-Koper-o-kwalifikacjach-radcow-i-adwokatow.html\">A legal adviser \u2013 the prosecutor general (Radca prokuratorem generalnym) <\/a> <span class=\"no-break\">&nbsp;\u2013&nbsp;Rzeczpospolita 26.11.2014<\/span><\/li>\n<li><a href=\"http:\/\/www4.rp.pl\/artykul\/1163460-Profesjonalisci-kontratakuja---Arkadiusz-Koper-o-walce-z-nieuczciwa-konkurencja.html\">Professionals counteract (Profesjonali\u015bci kontratakuj\u0105) <\/a> <span class=\"no-break\">&nbsp;\u2013&nbsp;Rzeczpospolita 10.12.2014<\/span><\/li>\n<li><a href=\"http:\/\/www4.rp.pl\/artykul\/1169406-Arkadiusz-Koper-o-postepowaniach-dyscyplinarnych-w-samorzadach-zawodow-zaufania-publicznego.html\">Professionalism and reputation (Profesjonalizm i reputacja)<\/a> <span class=\"no-break\">&nbsp;\u2013&nbsp;Rzeczpospolita 07.01.2015<\/span><\/li>\n<li><a href=\"http:\/\/www4.rp.pl\/artykul\/1173185-Arkadiusz-Koper-o-publicznej-praktyce-prawniczych-zawodow-zaufania-publicznego.html\">This coin has only one side (Ten medal ma tylko jedn\u0105 stron\u0119) <\/a> <span class=\"no-break\">&nbsp;\u2013&nbsp;Rzeczpospolita 21.01.2015<\/span><\/li>\n<li><a href=\"http:\/\/www4.rp.pl\/artykul\/1178185-Cwiczenie-z-prawniczego-myslenia---Arkadiusz-Koper-o-empatii-dla-ofiary-przestepstwa.html\">Legal thinking exercise \u2013 Arkadiusz Koper about emphaty for crime victims (\u0106wiczenie z prawniczego my\u015blenia \u2013 Arkadiusz Koper o empatii dla ofiary przest\u0119pstwa)<\/a> <span class=\"no-break\">&nbsp;\u2013&nbsp;Rzeczpospolita 11.02.2015<\/span><\/li>\n<li><a href=\"http:\/\/www4.rp.pl\/artykul\/1185105-Koper-o-uprawnieniach-radcow-do-dot--obron--nikomu-niepotrzebne-wojenki.html\">Nobody needs these wars (Nikomu niepotrzebne wojenki) <\/a> <span class=\"no-break\">&nbsp;\u2013&nbsp;Rzeczpospolita 11.03.2015<\/span><\/li>\n<li><a href=\"http:\/\/www4.rp.pl\/artykul\/1186791-Koper-o-niezrozumialym-festiwalu-wrogosci-do-komornikow.html\">Indebted voters on the top (Zad\u0142u\u017cony elektorat g\u00f3r\u0105) <span class=\"no-break\">&nbsp;\u2013&nbsp;Rzeczpospolita 18.03.2015<\/span><\/a><\/li>\n<li><a href=\"http:\/\/www4.rp.pl\/artykul\/1190705-Odpowiedzialnosc-za-pomoc-prawna-dla-najubozszych-i-wydatki-z-tym-zwiazane.html\">Had the Poles known&#8230; (Gdyby Polacy wiedzieli \u2026.) <\/a> <span class=\"no-break\">&nbsp;\u2013&nbsp;Rzeczpospolita 01.04.2015<\/span><\/li>\n<li><a href=\"http:\/\/www4.rp.pl\/artykul\/1197041-Szamani-intelektu---Arkadiusz-Koper-o-SKOK-w-mediach.html\">Shamans of intellect (Szamani intelektu)<\/a> <span class=\"no-break\">&nbsp;\u2013&nbsp;Rzeczpospolita 01.05.2015<\/span><\/li>\n<li><a href=\"http:\/\/www4.rp.pl\/artykul\/1200629-Radcy--Arkadiusz-Koper-polemizuje-z-Barbara-Kras-o-warszawskich-parwnikach.html\">First: concrete evidence (Po pierwsze: konkrety) <\/a> <span class=\"no-break\">&nbsp;\u2013&nbsp;Rzeczpospolita 13.05.2015<\/span><\/li>\n<li><a href=\"http:\/\/www4.rp.pl\/artykul\/1207169-Moj-radca-prawny--moj-adwokat---moj-bohater.html\">My legal adviser, my advocate \u2013 my hero (M\u00f3j radca prawny, m\u00f3j adwokat \u2013 m\u00f3j bohater)<\/a> <span class=\"no-break\">&nbsp;\u2013&nbsp;Rzeczpospolita 10.06.2015<\/span><\/li>\n<li><a href=\"http:\/\/www4.rp.pl\/Bezplatna-pomoc-prawna\/307259966-Bezplatna-pomoc-prawna-przyjdzie-odwiesic-togi-adwokackie-i-radcowskie-do-szafy.html\">There will come a time when we will throw in the gowns (Przyjdzie odwiesi\u0107 togi do szafy)<\/a> <span class=\"no-break\">&nbsp;\u2013&nbsp;Rzeczpospolita 22.07.2015<\/span><\/li>\n<li><a href=\"http:\/\/www4.rp.pl\/Radcowie\/309139985-Radca-prawny-o-zachowaniu-adwokatow-ws-podrecznika.html\">On the consequences of this year&#8217;s heatwave (O skutkach tegorocznych upa\u0142\u00f3w)<\/a> <span class=\"no-break\">&nbsp;\u2013&nbsp;Rzeczpospolita 09.09.2015<\/span><\/li>\n<li><a href=\"http:\/\/www4.rp.pl\/Rzecz-o-prawie\/309279956-Diagnoza-Spoleczna---wskazowki-dla-prawnikow.html\">One must lose for someone else to gain (Kto\u015b traci, \u017ceby dosta\u0142 kto\u015b)<\/a> <span class=\"no-break\">&nbsp;\u2013&nbsp;Rzeczpospolita 23.09.2015<\/span><\/li>\n<li><a href=\"http:\/\/www.rp.pl\/Opinie\/312189936-Co-czeka-profesjonalnych-pelnomocnikow-w-2016-r.html#ap-1\">What waits in store for professional representatives in 2016 (Co czeka profesjonalnych pe\u0142nomocnik\u00f3w w 2016 r.)<\/a> <span class=\"no-break\">&nbsp;\u2013&nbsp;Rzeczpospolita 18.12.2015<\/span><\/li>\n<\/ol>\n<h3>Arkadiusz Koper and co-authors<\/h3>\n<ol>\n<li><a href=\"http:\/\/beta.rp.pl\/artykul\/1077331-Zamowienia-publiczne--Jak-zamawiajacy-moze-wplynac-na-umowe-wykonawcy-z-podwykonawca.html\">Public Procurement: How the contracting authority may impact the agreement between the contractor and the subcontractor (Jak zamawiaj\u0105cy mo\u017ce wp\u0142yn\u0105\u0107 na umow\u0119 wykonawcy z podwykonawc\u0105)<\/a> <span class=\"no-break\">&nbsp;\u2013&nbsp;Rzeczpospolita 08.01.2014<\/span><\/li>\n<li><a href=\"http:\/\/www4.rp.pl\/artykul\/1175299-Zamowienia-publiczne--sztuczny-prog-30-procent-razaco-niskiej-ceny.html\">Artificial level of 30% for the abnormally low price (Sztuczny pr\u00f3g 30 procent ra\u017c\u0105co niskiej ceny)<\/a> <span class=\"no-break\">&nbsp;\u2013&nbsp;Rzeczpospolita 29.01.2015<\/span><\/li>\n<\/ol>\n","protected":false},"excerpt":{"rendered":"<p>Arkadiusz Koper Statistics will explain everything (Statystyka wszystko wyja\u015bni \u2026) &nbsp;\u2013&nbsp;Rzeczpospolita 12.02.2014 Disciplinary MYTH (Dyscyplinarny MIT) &nbsp;\u2013&nbsp;Rzeczpospolita 19.03.2014 So little would be enough to save so much (Wystarczy\u0142o tak niewiele, by tak wiele zaoszcz\u0119dzi\u0107) &nbsp;\u2013&nbsp;Rzeczpospolita 09.04.2014 Personalities urgently needed (Osobowo\u015bci pilnie potrzebne) &nbsp;\u2013&nbsp;Rzeczpospolita 23.04.2014 Adam Smith on the legal market (Adam Smith na prawniczym rynku) &hellip; <a href=\"https:\/\/www.koperkancelaria.pl\/en\/publikacje\/\">Continued<\/a><\/p>\n","protected":false},"author":2,"featured_media":0,"parent":0,"menu_order":0,"comment_status":"closed","ping_status":"closed","template":"publications.php","meta":{"footnotes":""},"class_list":["post-13","page","type-page","status-publish","hentry"],"yoast_head":"<!-- This site is optimized with the Yoast SEO plugin v27.5 - https:\/\/yoast.com\/product\/yoast-seo-wordpress\/ -->\n<title>Publications - Arkadiusz Koper - Kancelaria Radcy Prawnego<\/title>\n<meta name=\"robots\" content=\"index, follow, max-snippet:-1, max-image-preview:large, max-video-preview:-1\" \/>\n<link rel=\"canonical\" href=\"https:\/\/www.koperkancelaria.pl\/en\/publikacje\/\" \/>\n<meta property=\"og:locale\" content=\"en_US\" \/>\n<meta property=\"og:type\" content=\"article\" \/>\n<meta property=\"og:title\" content=\"Publications - Arkadiusz Koper - Kancelaria Radcy Prawnego\" \/>\n<meta property=\"og:description\" content=\"Arkadiusz Koper Statistics will explain everything (Statystyka wszystko wyja\u015bni \u2026) &nbsp;\u2013&nbsp;Rzeczpospolita 12.02.2014 Disciplinary MYTH (Dyscyplinarny MIT) &nbsp;\u2013&nbsp;Rzeczpospolita 19.03.2014 So little would be enough to save so much (Wystarczy\u0142o tak niewiele, by tak wiele zaoszcz\u0119dzi\u0107) &nbsp;\u2013&nbsp;Rzeczpospolita 09.04.2014 Personalities urgently needed (Osobowo\u015bci pilnie potrzebne) &nbsp;\u2013&nbsp;Rzeczpospolita 23.04.2014 Adam Smith on the legal market (Adam Smith na prawniczym rynku) &hellip; Continued\" \/>\n<meta property=\"og:url\" content=\"https:\/\/www.koperkancelaria.pl\/en\/publikacje\/\" \/>\n<meta property=\"og:site_name\" content=\"Arkadiusz Koper - Kancelaria Radcy Prawnego\" \/>\n<meta property=\"article:modified_time\" content=\"2016-01-20T19:11:58+00:00\" \/>\n<meta name=\"twitter:card\" content=\"summary_large_image\" \/>\n<meta name=\"twitter:label1\" content=\"Est. reading time\" \/>\n\t<meta name=\"twitter:data1\" content=\"2 minutes\" \/>\n<script type=\"application\/ld+json\" class=\"yoast-schema-graph\">{\"@context\":\"https:\\\/\\\/schema.org\",\"@graph\":[{\"@type\":\"WebPage\",\"@id\":\"https:\\\/\\\/www.koperkancelaria.pl\\\/en\\\/publikacje\\\/\",\"url\":\"https:\\\/\\\/www.koperkancelaria.pl\\\/en\\\/publikacje\\\/\",\"name\":\"Publications - Arkadiusz Koper - Kancelaria Radcy Prawnego\",\"isPartOf\":{\"@id\":\"https:\\\/\\\/www.koperkancelaria.pl\\\/en\\\/#website\"},\"datePublished\":\"2015-12-02T10:13:10+00:00\",\"dateModified\":\"2016-01-20T19:11:58+00:00\",\"breadcrumb\":{\"@id\":\"https:\\\/\\\/www.koperkancelaria.pl\\\/en\\\/publikacje\\\/#breadcrumb\"},\"inLanguage\":\"en-US\",\"potentialAction\":[{\"@type\":\"ReadAction\",\"target\":[\"https:\\\/\\\/www.koperkancelaria.pl\\\/en\\\/publikacje\\\/\"]}]},{\"@type\":\"BreadcrumbList\",\"@id\":\"https:\\\/\\\/www.koperkancelaria.pl\\\/en\\\/publikacje\\\/#breadcrumb\",\"itemListElement\":[{\"@type\":\"ListItem\",\"position\":1,\"name\":\"Home\",\"item\":\"https:\\\/\\\/www.koperkancelaria.pl\\\/en\\\/\"},{\"@type\":\"ListItem\",\"position\":2,\"name\":\"Publications\"}]},{\"@type\":\"WebSite\",\"@id\":\"https:\\\/\\\/www.koperkancelaria.pl\\\/en\\\/#website\",\"url\":\"https:\\\/\\\/www.koperkancelaria.pl\\\/en\\\/\",\"name\":\"Arkadiusz Koper - Kancelaria Radcy Prawnego\",\"description\":\"Najwy\u017cszym dobrem  jest dla nas interes klienta, kt\u00f3rego reprezentujemy.\",\"publisher\":{\"@id\":\"https:\\\/\\\/www.koperkancelaria.pl\\\/en\\\/#organization\"},\"potentialAction\":[{\"@type\":\"SearchAction\",\"target\":{\"@type\":\"EntryPoint\",\"urlTemplate\":\"https:\\\/\\\/www.koperkancelaria.pl\\\/en\\\/?s={search_term_string}\"},\"query-input\":{\"@type\":\"PropertyValueSpecification\",\"valueRequired\":true,\"valueName\":\"search_term_string\"}}],\"inLanguage\":\"en-US\"},{\"@type\":\"Organization\",\"@id\":\"https:\\\/\\\/www.koperkancelaria.pl\\\/en\\\/#organization\",\"name\":\"Kancelaria Radcy Prawnego Arkadiusz Koper\",\"url\":\"https:\\\/\\\/www.koperkancelaria.pl\\\/en\\\/\",\"logo\":{\"@type\":\"ImageObject\",\"inLanguage\":\"en-US\",\"@id\":\"https:\\\/\\\/www.koperkancelaria.pl\\\/en\\\/#\\\/schema\\\/logo\\\/image\\\/\",\"url\":\"https:\\\/\\\/www.koperkancelaria.pl\\\/en\\\/wp-content\\\/uploads\\\/2016\\\/05\\\/ak_logo2.png\",\"contentUrl\":\"https:\\\/\\\/www.koperkancelaria.pl\\\/en\\\/wp-content\\\/uploads\\\/2016\\\/05\\\/ak_logo2.png\",\"width\":1453,\"height\":961,\"caption\":\"Kancelaria Radcy Prawnego Arkadiusz Koper\"},\"image\":{\"@id\":\"https:\\\/\\\/www.koperkancelaria.pl\\\/en\\\/#\\\/schema\\\/logo\\\/image\\\/\"}}]}<\/script>\n<!-- \/ Yoast SEO plugin. -->","yoast_head_json":{"title":"Publications - Arkadiusz Koper - Kancelaria Radcy Prawnego","robots":{"index":"index","follow":"follow","max-snippet":"max-snippet:-1","max-image-preview":"max-image-preview:large","max-video-preview":"max-video-preview:-1"},"canonical":"https:\/\/www.koperkancelaria.pl\/en\/publikacje\/","og_locale":"en_US","og_type":"article","og_title":"Publications - Arkadiusz Koper - Kancelaria Radcy Prawnego","og_description":"Arkadiusz Koper Statistics will explain everything (Statystyka wszystko wyja\u015bni \u2026) &nbsp;\u2013&nbsp;Rzeczpospolita 12.02.2014 Disciplinary MYTH (Dyscyplinarny MIT) &nbsp;\u2013&nbsp;Rzeczpospolita 19.03.2014 So little would be enough to save so much (Wystarczy\u0142o tak niewiele, by tak wiele zaoszcz\u0119dzi\u0107) &nbsp;\u2013&nbsp;Rzeczpospolita 09.04.2014 Personalities urgently needed (Osobowo\u015bci pilnie potrzebne) &nbsp;\u2013&nbsp;Rzeczpospolita 23.04.2014 Adam Smith on the legal market (Adam Smith na prawniczym rynku) &hellip; Continued","og_url":"https:\/\/www.koperkancelaria.pl\/en\/publikacje\/","og_site_name":"Arkadiusz Koper - Kancelaria Radcy Prawnego","article_modified_time":"2016-01-20T19:11:58+00:00","twitter_card":"summary_large_image","twitter_misc":{"Est. reading time":"2 minutes"},"schema":{"@context":"https:\/\/schema.org","@graph":[{"@type":"WebPage","@id":"https:\/\/www.koperkancelaria.pl\/en\/publikacje\/","url":"https:\/\/www.koperkancelaria.pl\/en\/publikacje\/","name":"Publications - Arkadiusz Koper - Kancelaria Radcy Prawnego","isPartOf":{"@id":"https:\/\/www.koperkancelaria.pl\/en\/#website"},"datePublished":"2015-12-02T10:13:10+00:00","dateModified":"2016-01-20T19:11:58+00:00","breadcrumb":{"@id":"https:\/\/www.koperkancelaria.pl\/en\/publikacje\/#breadcrumb"},"inLanguage":"en-US","potentialAction":[{"@type":"ReadAction","target":["https:\/\/www.koperkancelaria.pl\/en\/publikacje\/"]}]},{"@type":"BreadcrumbList","@id":"https:\/\/www.koperkancelaria.pl\/en\/publikacje\/#breadcrumb","itemListElement":[{"@type":"ListItem","position":1,"name":"Home","item":"https:\/\/www.koperkancelaria.pl\/en\/"},{"@type":"ListItem","position":2,"name":"Publications"}]},{"@type":"WebSite","@id":"https:\/\/www.koperkancelaria.pl\/en\/#website","url":"https:\/\/www.koperkancelaria.pl\/en\/","name":"Arkadiusz Koper - Kancelaria Radcy Prawnego","description":"Najwy\u017cszym dobrem  jest dla nas interes klienta, kt\u00f3rego reprezentujemy.","publisher":{"@id":"https:\/\/www.koperkancelaria.pl\/en\/#organization"},"potentialAction":[{"@type":"SearchAction","target":{"@type":"EntryPoint","urlTemplate":"https:\/\/www.koperkancelaria.pl\/en\/?s={search_term_string}"},"query-input":{"@type":"PropertyValueSpecification","valueRequired":true,"valueName":"search_term_string"}}],"inLanguage":"en-US"},{"@type":"Organization","@id":"https:\/\/www.koperkancelaria.pl\/en\/#organization","name":"Kancelaria Radcy Prawnego Arkadiusz Koper","url":"https:\/\/www.koperkancelaria.pl\/en\/","logo":{"@type":"ImageObject","inLanguage":"en-US","@id":"https:\/\/www.koperkancelaria.pl\/en\/#\/schema\/logo\/image\/","url":"https:\/\/www.koperkancelaria.pl\/en\/wp-content\/uploads\/2016\/05\/ak_logo2.png","contentUrl":"https:\/\/www.koperkancelaria.pl\/en\/wp-content\/uploads\/2016\/05\/ak_logo2.png","width":1453,"height":961,"caption":"Kancelaria Radcy Prawnego Arkadiusz Koper"},"image":{"@id":"https:\/\/www.koperkancelaria.pl\/en\/#\/schema\/logo\/image\/"}}]}},"_links":{"self":[{"href":"https:\/\/www.koperkancelaria.pl\/en\/wp-json\/wp\/v2\/pages\/13","targetHints":{"allow":["GET"]}}],"collection":[{"href":"https:\/\/www.koperkancelaria.pl\/en\/wp-json\/wp\/v2\/pages"}],"about":[{"href":"https:\/\/www.koperkancelaria.pl\/en\/wp-json\/wp\/v2\/types\/page"}],"author":[{"embeddable":true,"href":"https:\/\/www.koperkancelaria.pl\/en\/wp-json\/wp\/v2\/users\/2"}],"replies":[{"embeddable":true,"href":"https:\/\/www.koperkancelaria.pl\/en\/wp-json\/wp\/v2\/comments?post=13"}],"version-history":[{"count":20,"href":"https:\/\/www.koperkancelaria.pl\/en\/wp-json\/wp\/v2\/pages\/13\/revisions"}],"predecessor-version":[{"id":126,"href":"https:\/\/www.koperkancelaria.pl\/en\/wp-json\/wp\/v2\/pages\/13\/revisions\/126"}],"wp:attachment":[{"href":"https:\/\/www.koperkancelaria.pl\/en\/wp-json\/wp\/v2\/media?parent=13"}],"curies":[{"name":"wp","href":"https:\/\/api.w.org\/{rel}","templated":true}]}}